{"id":31,"date":"2017-10-11T19:43:40","date_gmt":"2017-10-11T19:43:40","guid":{"rendered":"http:\/\/serwer1748830.home.pl\/autoinstalator\/wordpress1\/?page_id=31"},"modified":"2019-09-01T12:52:30","modified_gmt":"2019-09-01T12:52:30","slug":"jak-pracujemy","status":"publish","type":"page","link":"http:\/\/kursygoal.pl\/?page_id=31","title":{"rendered":"Jak pracuj\u0119?"},"content":{"rendered":"<ul>\n<li>Uczysz si\u0119 od lat, ale nie widzisz rezultat\u00f3w?<\/li>\n<li>Masz do\u015b\u0107 uczenia si\u0119 z&nbsp;kolejnych podr\u0119cznik\u00f3w oraz poczucia, \u017ce&nbsp;to prowadzi donik\u0105d?<\/li>\n<li>Masz poczucie, \u017ce&nbsp;wiedza kt\u00f3r\u0105 przyswajasz nie nadaje si\u0119 do zastosowania w praktyce?<\/li>\n<li>Masz wra\u017cenie, \u017ce to czego si\u0119 uczysz nie jest adekwatne do Twoich potrzeb (zawodowych, \u017cyciowych, j\u0119zykowych, itd.)?<\/li>\n<li>Chcia\u0142by\u015b si\u0119 uczy\u0107, ale masz ma\u0142\u0105 motywacj\u0119?<\/li>\n<li>Masz du\u017c\u0105 wiedz\u0119 teoretyczn\u0105, ale bariera j\u0119zykowa utrudnia Ci komunikacj\u0119?<\/li>\n<\/ul>\n<p><strong>Praca z coachem opiera si\u0119 na:<\/strong><\/p>\n<ul>\n<li>dogodnej formie pracy oraz okre\u015bleniu metod uczenia si\u0119,<\/li>\n<li>indywidualnie dobranego planu pracy (wyznaczeniu cel\u00f3w i potrzeb ucznia, zakresu materia\u0142u, itd.),<\/li>\n<li>partnerskiej wsp\u00f3\u0142pracy opartej na empatii, motywacji, szukaniu nowych rozwi\u0105za\u0144,<\/li>\n<li>prze\u0142amywaniu barier j\u0119zykowych,<\/li>\n<li>systematycznym osi\u0105ganiu wcze\u015bniej wyznaczonych cel\u00f3w.<\/li>\n<\/ul>\n<p>Wychodz\u0105c naprzeciw potrzebom klienta prowadz\u0119 &#8222;kursy szyte na miar\u0119&#8221;, dostosowane do jego indywidualnych potrzeb j\u0119zykowych:<\/p>\n<ul>\n<li>podczas pierwszego spotkania jasno okre\u015blamy poziom zaawansowania j\u0119zykowego, indywidualnie wyznaczamy cele kursu oraz czas ich realizacji,<\/li>\n<li>wraz z uczniami dopasowujemy najbardziej efektywn\u0105 metod\u0119 pracy oraz formy ewaluacji,<\/li>\n<li>doje\u017cd\u017camy do siedziby firmy lub uzgodnionego miejsca,<\/li>\n<li>wykazujemy si\u0119 empati\u0105 i\u00a0 indywidualnym podej\u015bciem. Dotyczy to szczeg\u00f3lnie pracy z osobami doros\u0142ymi dla kt\u00f3rych &#8211; jak wierzymy &#8211; g\u0142\u00f3wnym celem jest komunikacja w mowie i pi\u015bmie.<\/li>\n<\/ul>\n<div id=\"envira-gallery-wrap-103\" class=\"envira-gallery-wrap envira-gallery-theme-base envira-lightbox-theme-base\" itemscope itemtype=\"https:\/\/schema.org\/ImageGallery\"><div data-row-height=\"150\" data-gallery-theme=\"normal\" id=\"envira-gallery-103\" class=\"envira-gallery-public envira-gallery-justified-public envira-gallery-0-columns envira-clear enviratope envira-gallery-css-animations\" data-envira-columns=\"0\"><div id=\"envira-gallery-item-6\" class=\"envira-gallery-item enviratope-item envira-gallery-item-1 envira-lazy-load\" style=\"padding-left: 5px; padding-bottom: 10px; padding-right: 5px;\"  itemscope itemtype=\"https:\/\/schema.org\/ImageObject\"><div class=\"envira-gallery-item-inner\"><div class=\"envira-gallery-position-overlay  envira-gallery-top-left\"><\/div><div class=\"envira-gallery-position-overlay  envira-gallery-top-right\"><\/div><div class=\"envira-gallery-position-overlay  envira-gallery-bottom-left\"><\/div><div class=\"envira-gallery-position-overlay  envira-gallery-bottom-right\"><\/div><a href=\"http:\/\/serwer1748830.home.pl\/autoinstalator\/wordpress1\/wp-content\/uploads\/2017\/10\/people-woman-coffee-meeting.jpg\" class=\"envira-gallery-103 envira-gallery-link\" rel=\"enviragallery103\" title=\"\" data-envira-caption=\"\" data-envira-retina=\"\" data-thumbnail=\"\"  itemprop=\"contentUrl\"><img decoding=\"async\" id=\"envira-gallery-image-6\" class=\"envira-gallery-image envira-gallery-image-1 envira-normal envira-lazy\" data-envira-index=\"1\" src=\"http:\/\/kursygoal.pl\/wp-content\/uploads\/2017\/10\/people-woman-coffee-meeting-1024x683-640x480.jpg\" data-envira-src=\"http:\/\/kursygoal.pl\/wp-content\/uploads\/2017\/10\/people-woman-coffee-meeting-1024x683-640x480.jpg\" data-envira-gallery-id=\"103\" data-envira-item-id=\"6\" data-envira-caption=\"\" alt=\"\" title=\"\"  itemprop=\"thumbnailUrl\" data-envira-srcset=\"http:\/\/kursygoal.pl\/wp-content\/uploads\/2017\/10\/people-woman-coffee-meeting-1024x683-640x480.jpg 400w,http:\/\/kursygoal.pl\/wp-content\/uploads\/2017\/10\/people-woman-coffee-meeting-1024x683-640x480.jpg 2x\" data-envira-width=\"300\" data-envira-height=\"200\" srcset=\"data:image\/gif;base64,R0lGODlhAQABAIAAAP\/\/\/\/\/\/\/yH5BAEKAAEALAAAAAABAAEAAAICTAEAOw==\" data-safe-src=\"data:image\/gif;base64,R0lGODlhAQABAIAAAP\/\/\/\/\/\/\/yH5BAEKAAEALAAAAAABAAEAAAICTAEAOw==\" \/><\/a><\/div><\/div><div id=\"envira-gallery-item-175\" class=\"envira-gallery-item enviratope-item envira-gallery-item-2 envira-lazy-load\" style=\"padding-left: 5px; padding-bottom: 10px; padding-right: 5px;\"  itemscope itemtype=\"https:\/\/schema.org\/ImageObject\"><div class=\"envira-gallery-item-inner\"><div class=\"envira-gallery-position-overlay  envira-gallery-top-left\"><\/div><div class=\"envira-gallery-position-overlay  envira-gallery-top-right\"><\/div><div class=\"envira-gallery-position-overlay  envira-gallery-bottom-left\"><\/div><div class=\"envira-gallery-position-overlay  envira-gallery-bottom-right\"><\/div><a href=\"http:\/\/kursygoal.pl\/wp-content\/uploads\/2017\/12\/goal.png\" class=\"envira-gallery-103 envira-gallery-link\" rel=\"enviragallery103\" title=\"\" data-envira-caption=\"\" data-envira-retina=\"\" data-thumbnail=\"\"  itemprop=\"contentUrl\"><img decoding=\"async\" id=\"envira-gallery-image-175\" class=\"envira-gallery-image envira-gallery-image-2 envira-normal envira-lazy\" data-envira-index=\"2\" src=\"http:\/\/kursygoal.pl\/wp-content\/uploads\/2017\/12\/goal-640x480.png\" data-envira-src=\"http:\/\/kursygoal.pl\/wp-content\/uploads\/2017\/12\/goal-640x480.png\" data-envira-gallery-id=\"103\" data-envira-item-id=\"175\" data-envira-caption=\"\" alt=\"\" title=\"\"  itemprop=\"thumbnailUrl\" data-envira-srcset=\"http:\/\/kursygoal.pl\/wp-content\/uploads\/2017\/12\/goal-640x480.png 400w,http:\/\/kursygoal.pl\/wp-content\/uploads\/2017\/12\/goal-640x480.png 2x\" data-envira-width=\"300\" data-envira-height=\"296\" srcset=\"data:image\/gif;base64,R0lGODlhAQABAIAAAP\/\/\/\/\/\/\/yH5BAEKAAEALAAAAAABAAEAAAICTAEAOw==\" data-safe-src=\"data:image\/gif;base64,R0lGODlhAQABAIAAAP\/\/\/\/\/\/\/yH5BAEKAAEALAAAAAABAAEAAAICTAEAOw==\" \/><\/a><\/div><\/div><div id=\"envira-gallery-item-188\" class=\"envira-gallery-item enviratope-item envira-gallery-item-3 envira-lazy-load\" style=\"padding-left: 5px; padding-bottom: 10px; padding-right: 5px;\"  itemscope itemtype=\"https:\/\/schema.org\/ImageObject\"><div class=\"envira-gallery-item-inner\"><div class=\"envira-gallery-position-overlay  envira-gallery-top-left\"><\/div><div class=\"envira-gallery-position-overlay  envira-gallery-top-right\"><\/div><div class=\"envira-gallery-position-overlay  envira-gallery-bottom-left\"><\/div><div class=\"envira-gallery-position-overlay  envira-gallery-bottom-right\"><\/div><a href=\"http:\/\/kursygoal.pl\/wp-content\/uploads\/2017\/10\/thought-catalog-214785.jpg\" class=\"envira-gallery-103 envira-gallery-link\" rel=\"enviragallery103\" title=\"\" data-envira-caption=\"\" data-envira-retina=\"\" data-thumbnail=\"\"  itemprop=\"contentUrl\"><img decoding=\"async\" id=\"envira-gallery-image-188\" class=\"envira-gallery-image envira-gallery-image-3 envira-normal envira-lazy\" data-envira-index=\"3\" src=\"http:\/\/kursygoal.pl\/wp-content\/uploads\/2017\/10\/thought-catalog-214785-1024x683-640x480.jpg\" data-envira-src=\"http:\/\/kursygoal.pl\/wp-content\/uploads\/2017\/10\/thought-catalog-214785-1024x683-640x480.jpg\" data-envira-gallery-id=\"103\" data-envira-item-id=\"188\" data-envira-caption=\"\" alt=\"\" title=\"\"  itemprop=\"thumbnailUrl\" data-envira-srcset=\"http:\/\/kursygoal.pl\/wp-content\/uploads\/2017\/10\/thought-catalog-214785-1024x683-640x480.jpg 400w,http:\/\/kursygoal.pl\/wp-content\/uploads\/2017\/10\/thought-catalog-214785-1024x683-640x480.jpg 2x\" data-envira-width=\"300\" data-envira-height=\"200\" srcset=\"data:image\/gif;base64,R0lGODlhAQABAIAAAP\/\/\/\/\/\/\/yH5BAEKAAEALAAAAAABAAEAAAICTAEAOw==\" data-safe-src=\"data:image\/gif;base64,R0lGODlhAQABAIAAAP\/\/\/\/\/\/\/yH5BAEKAAEALAAAAAABAAEAAAICTAEAOw==\" \/><\/a><\/div><\/div><\/div><\/div><noscript><img decoding=\"async\" src=\"http:\/\/kursygoal.pl\/wp-content\/uploads\/2017\/10\/people-woman-coffee-meeting.jpg\" alt=\"\" \/><img decoding=\"async\" src=\"http:\/\/kursygoal.pl\/wp-content\/uploads\/2017\/12\/goal.png\" alt=\"\" \/><img decoding=\"async\" src=\"http:\/\/kursygoal.pl\/wp-content\/uploads\/2017\/10\/thought-catalog-214785.jpg\" alt=\"\" \/><\/noscript>\n<p><script async id=\"timify\" type=\"text\/javascript\"\n    src=\"https:\/\/widget.timify.com\/js\/widget.js\"\n    data-position=\"right\"\n    data-id=\"5d52b9fdd816b46348eec911\"\n    data-lang=\"pl\" >\n<\/script><\/p>\n","protected":false},"excerpt":{"rendered":"<p>Uczysz si\u0119 od lat, ale nie widzisz rezultat\u00f3w? Masz do\u015b\u0107 uczenia si\u0119 z&nbsp;kolejnych podr\u0119cznik\u00f3w oraz poczucia, \u017ce&nbsp;to prowadzi donik\u0105d? Masz poczucie, \u017ce&nbsp;wiedza kt\u00f3r\u0105 przyswajasz nie nadaje si\u0119 do zastosowania w praktyce? Masz wra\u017cenie, \u017ce to czego si\u0119 uczysz nie jest adekwatne do Twoich potrzeb (zawodowych, \u017cyciowych, j\u0119zykowych, itd.)? Chcia\u0142by\u015b si\u0119 uczy\u0107, ale masz ma\u0142\u0105 motywacj\u0119? [&hellip;]<\/p>\n","protected":false},"author":1,"featured_media":178,"parent":0,"menu_order":0,"comment_status":"closed","ping_status":"closed","template":"","meta":{"footnotes":""},"_links":{"self":[{"href":"http:\/\/kursygoal.pl\/index.php?rest_route=\/wp\/v2\/pages\/31"}],"collection":[{"href":"http:\/\/kursygoal.pl\/index.php?rest_route=\/wp\/v2\/pages"}],"about":[{"href":"http:\/\/kursygoal.pl\/index.php?rest_route=\/wp\/v2\/types\/page"}],"author":[{"embeddable":true,"href":"http:\/\/kursygoal.pl\/index.php?rest_route=\/wp\/v2\/users\/1"}],"replies":[{"embeddable":true,"href":"http:\/\/kursygoal.pl\/index.php?rest_route=%2Fwp%2Fv2%2Fcomments&post=31"}],"version-history":[{"count":9,"href":"http:\/\/kursygoal.pl\/index.php?rest_route=\/wp\/v2\/pages\/31\/revisions"}],"predecessor-version":[{"id":251,"href":"http:\/\/kursygoal.pl\/index.php?rest_route=\/wp\/v2\/pages\/31\/revisions\/251"}],"wp:featuredmedia":[{"embeddable":true,"href":"http:\/\/kursygoal.pl\/index.php?rest_route=\/wp\/v2\/media\/178"}],"wp:attachment":[{"href":"http:\/\/kursygoal.pl\/index.php?rest_route=%2Fwp%2Fv2%2Fmedia&parent=31"}],"curies":[{"name":"wp","href":"https:\/\/api.w.org\/{rel}","templated":true}]}}