{"id":34,"date":"2017-10-11T19:46:43","date_gmt":"2017-10-11T19:46:43","guid":{"rendered":"http:\/\/serwer1748830.home.pl\/autoinstalator\/wordpress1\/?page_id=34"},"modified":"2019-09-01T12:35:44","modified_gmt":"2019-09-01T12:35:44","slug":"kurs-w-praktyce-2","status":"publish","type":"page","link":"http:\/\/kursygoal.pl\/?page_id=34","title":{"rendered":"Kurs w praktyce"},"content":{"rendered":"<p>&nbsp;<\/p>\n<p>Schemat jest prosty: wsp\u00f3lnie rozmawiamy, wsp\u00f3lnie wyznaczamy cel i&nbsp;osi\u0105gamy go.<\/p>\n<div id=\"ps-timeline7ab4712bf76f07ceef601864421b4f6a\" class=\"row example-centered\"><ul class=\"ps_timeline ps_timeline-centered\"><li class=\"ps_timeline-item\"><div class=\"ps_timeline-marker\"><\/div><div class=\"ps_timeline-content\"><h3 class=\"ps_timeline-label\"><\/h3><h4 class=\"ps_timeline-title\">Pierwsze spotkanie<\/h4><p><span class=\"icon-placeholder-v\"><i class=\"fa fa-user\"><\/i><\/span> <\/p><div class=\"ps_v_content\"> <p>konsultacje z klientem podczas kt\u00f3rych: okre\u015blamy potrzeby j\u0119zykowe, diagnozujemy poziom j\u0119zykowy, wyznaczamy czas osi\u0105gni\u0119cia cel\u00f3w, ustalamy metod\u0119 pracy.<\/p><\/div><\/div><\/li><li class=\"ps_timeline-item\"><div class=\"ps_timeline-marker\"><\/div><div class=\"ps_timeline-content\"><h3 class=\"ps_timeline-label\"><\/h3><h4 class=\"ps_timeline-title\">W ci\u0105gu jednego\u2013dw\u00f3ch tygodni<\/h4><p><span class=\"icon-placeholder-v\"><i class=\"fa fa-book\"><\/i><\/span> <\/p><div class=\"ps_v_content\"> <p>przygotowuj\u0119 kurs dostosowany do potrzeb grupy. Ustalamy sta\u0142y harmonogram spotka\u0144.<\/p><\/div><\/div><\/li><li class=\"ps_timeline-item\"><div class=\"ps_timeline-marker\"><\/div><div class=\"ps_timeline-content\"><h3 class=\"ps_timeline-label\"><\/h3><h4 class=\"ps_timeline-title\">Zaj\u0119cia\u2026 kolejne zaj\u0119cia<\/h4><p><span class=\"icon-placeholder-v\"><i class=\"fa fa-refresh\"><\/i><\/span> <\/p><div class=\"ps_v_content\"> <p>Na bie\u017c\u0105co dopasowuje\u0119 si\u0119 do potrzeb klient\u00f3w podczas trwania kursu.<\/p><\/div><\/div><\/li><li class=\"ps_timeline-item\"><div class=\"ps_timeline-marker\"><\/div><div class=\"ps_timeline-content\"><h3 class=\"ps_timeline-label\"><\/h3><h4 class=\"ps_timeline-title\">Ostatnie zaj\u0119cia<\/h4><p><span class=\"icon-placeholder-v\"><i class=\"fa fa-chevron-down\"><\/i><\/span> <\/p><div class=\"ps_v_content\"> <p>Wraz z uczniem sprawdzamy, czy cele zosta\u0142y osi\u0105gni\u0119te. Zako\u0144czenie kursu lub wyznaczenie nowych cel\u00f3w.<\/p><\/div><\/div><\/li><\/ul><\/div><style type=\"text\/css\">#ps-timeline7ab4712bf76f07ceef601864421b4f6a .ps_timeline-content .ps_timeline-label{color:#dc2626!important;}\r\n\t\t\t           #ps-timeline7ab4712bf76f07ceef601864421b4f6a .icon-placeholder-v i {\r\n                       color:#dc2626!important;}\r\n\t\t\t\t       #ps-timeline7ab4712bf76f07ceef601864421b4f6a .ps_timeline-marker:after { background: #dc2626!important; }\r\n\t\t\t\t       #ps-timeline7ab4712bf76f07ceef601864421b4f6a .ps_timeline-marker:before{background: #dc2626!important;}\r\n\t\t\t\t       #ps-timeline7ab4712bf76f07ceef601864421b4f6a .ps_timeline-content .ps_timeline-title { border-bottom-color: #dc2626!important;}#ps-timeline7ab4712bf76f07ceef601864421b4f6a .icon-placeholder-v i {\r\n\t\t\t\t\tfont-size:48px!important;}<\/style>\n<p>&nbsp;<\/p>\n<p><script async id=\"timify\" type=\"text\/javascript\"\n    src=\"https:\/\/widget.timify.com\/js\/widget.js\"\n    data-position=\"right\"\n    data-id=\"5d52b9fdd816b46348eec911\"\n    data-lang=\"pl\" >\n<\/script><\/p>\n","protected":false},"excerpt":{"rendered":"<p>&nbsp; Schemat jest prosty: wsp\u00f3lnie rozmawiamy, wsp\u00f3lnie wyznaczamy cel i&nbsp;osi\u0105gamy go. &nbsp;<\/p>\n","protected":false},"author":1,"featured_media":182,"parent":0,"menu_order":0,"comment_status":"closed","ping_status":"closed","template":"","meta":{"footnotes":""},"_links":{"self":[{"href":"http:\/\/kursygoal.pl\/index.php?rest_route=\/wp\/v2\/pages\/34"}],"collection":[{"href":"http:\/\/kursygoal.pl\/index.php?rest_route=\/wp\/v2\/pages"}],"about":[{"href":"http:\/\/kursygoal.pl\/index.php?rest_route=\/wp\/v2\/types\/page"}],"author":[{"embeddable":true,"href":"http:\/\/kursygoal.pl\/index.php?rest_route=\/wp\/v2\/users\/1"}],"replies":[{"embeddable":true,"href":"http:\/\/kursygoal.pl\/index.php?rest_route=%2Fwp%2Fv2%2Fcomments&post=34"}],"version-history":[{"count":15,"href":"http:\/\/kursygoal.pl\/index.php?rest_route=\/wp\/v2\/pages\/34\/revisions"}],"predecessor-version":[{"id":239,"href":"http:\/\/kursygoal.pl\/index.php?rest_route=\/wp\/v2\/pages\/34\/revisions\/239"}],"wp:featuredmedia":[{"embeddable":true,"href":"http:\/\/kursygoal.pl\/index.php?rest_route=\/wp\/v2\/media\/182"}],"wp:attachment":[{"href":"http:\/\/kursygoal.pl\/index.php?rest_route=%2Fwp%2Fv2%2Fmedia&parent=34"}],"curies":[{"name":"wp","href":"https:\/\/api.w.org\/{rel}","templated":true}]}}