{"id":37,"date":"2017-10-11T19:48:28","date_gmt":"2017-10-11T19:48:28","guid":{"rendered":"http:\/\/serwer1748830.home.pl\/autoinstalator\/wordpress1\/?page_id=37"},"modified":"2019-09-01T13:14:37","modified_gmt":"2019-09-01T13:14:37","slug":"dlaczego-coaching-jezykowy","status":"publish","type":"page","link":"http:\/\/kursygoal.pl\/?page_id=37","title":{"rendered":"Oferta"},"content":{"rendered":"<p>Oferuj\u0119:<\/p>\n<ul>\n<li>regularne kursy j\u0119zyka angielskiego &#8222;kurs szyty na miar\u0119&#8221;- kursy grupowe lub&nbsp;indywidualny coaching j\u0119zykowy<\/li>\n<li>zaj\u0119cia z zakresu angielskiego specjalistycznego (Business English, English for Meetings, Presentations, HR, Tourism, Academic English, Medical, etc.)<\/li>\n<li>audyt j\u0119zykowy dla firm<\/li>\n<li>przygotowanie do egzamin\u00f3w FCE, CAE, CPE, BEC, STANAG<\/li>\n<li>zaj\u0119cia &#8222;Last minute SOS&#8221; do job interview, konwersacje, itp.<\/li>\n<li>Zestaw kilkugodzinnych szkole\u0144 dla klient\u00f3w korporacyjnych z serii MEET YOUR NEEDS, np.\n<ul>\n<li>Brush up needed? &#8211; English for customer care and secretarial professionals,<\/li>\n<li>Just make a good point- Tw\u00f3j angielski podczas prezentacji i spotka\u0144 biznesowych,<\/li>\n<li>Don\u2019t hang up!- Workshop on Telephone English,<\/li>\n<li>Business Emails- No worries about! itd.<\/li>\n<\/ul>\n<\/li>\n<li>Na potrzeby firmy, mo\u017cliwe jest przygotowanie warsztat\u00f3w na wybrany temat, uzgodniony\u00a0 ze S\u0142uchaczami<\/li>\n<\/ul>\n<div id=\"envira-gallery-wrap-103\" class=\"envira-gallery-wrap envira-gallery-theme-base envira-lightbox-theme-base\" itemscope itemtype=\"https:\/\/schema.org\/ImageGallery\"><div data-row-height=\"150\" data-gallery-theme=\"normal\" id=\"envira-gallery-103\" class=\"envira-gallery-public envira-gallery-justified-public envira-gallery-0-columns envira-clear enviratope envira-gallery-css-animations\" data-envira-columns=\"0\"><div id=\"envira-gallery-item-6\" class=\"envira-gallery-item enviratope-item envira-gallery-item-1 envira-lazy-load\" style=\"padding-left: 5px; padding-bottom: 10px; padding-right: 5px;\"  itemscope itemtype=\"https:\/\/schema.org\/ImageObject\"><div class=\"envira-gallery-item-inner\"><div class=\"envira-gallery-position-overlay  envira-gallery-top-left\"><\/div><div class=\"envira-gallery-position-overlay  envira-gallery-top-right\"><\/div><div class=\"envira-gallery-position-overlay  envira-gallery-bottom-left\"><\/div><div class=\"envira-gallery-position-overlay  envira-gallery-bottom-right\"><\/div><a href=\"http:\/\/serwer1748830.home.pl\/autoinstalator\/wordpress1\/wp-content\/uploads\/2017\/10\/people-woman-coffee-meeting.jpg\" class=\"envira-gallery-103 envira-gallery-link\" rel=\"enviragallery103\" title=\"\" data-envira-caption=\"\" data-envira-retina=\"\" data-thumbnail=\"\"  itemprop=\"contentUrl\"><img decoding=\"async\" id=\"envira-gallery-image-6\" class=\"envira-gallery-image envira-gallery-image-1 envira-normal envira-lazy\" data-envira-index=\"1\" src=\"http:\/\/kursygoal.pl\/wp-content\/uploads\/2017\/10\/people-woman-coffee-meeting-1024x683-640x480.jpg\" data-envira-src=\"http:\/\/kursygoal.pl\/wp-content\/uploads\/2017\/10\/people-woman-coffee-meeting-1024x683-640x480.jpg\" data-envira-gallery-id=\"103\" data-envira-item-id=\"6\" data-envira-caption=\"\" alt=\"\" title=\"\"  itemprop=\"thumbnailUrl\" data-envira-srcset=\"http:\/\/kursygoal.pl\/wp-content\/uploads\/2017\/10\/people-woman-coffee-meeting-1024x683-640x480.jpg 400w,http:\/\/kursygoal.pl\/wp-content\/uploads\/2017\/10\/people-woman-coffee-meeting-1024x683-640x480.jpg 2x\" data-envira-width=\"300\" data-envira-height=\"200\" srcset=\"data:image\/gif;base64,R0lGODlhAQABAIAAAP\/\/\/\/\/\/\/yH5BAEKAAEALAAAAAABAAEAAAICTAEAOw==\" data-safe-src=\"data:image\/gif;base64,R0lGODlhAQABAIAAAP\/\/\/\/\/\/\/yH5BAEKAAEALAAAAAABAAEAAAICTAEAOw==\" \/><\/a><\/div><\/div><div id=\"envira-gallery-item-175\" class=\"envira-gallery-item enviratope-item envira-gallery-item-2 envira-lazy-load\" style=\"padding-left: 5px; padding-bottom: 10px; padding-right: 5px;\"  itemscope itemtype=\"https:\/\/schema.org\/ImageObject\"><div class=\"envira-gallery-item-inner\"><div class=\"envira-gallery-position-overlay  envira-gallery-top-left\"><\/div><div class=\"envira-gallery-position-overlay  envira-gallery-top-right\"><\/div><div class=\"envira-gallery-position-overlay  envira-gallery-bottom-left\"><\/div><div class=\"envira-gallery-position-overlay  envira-gallery-bottom-right\"><\/div><a href=\"http:\/\/kursygoal.pl\/wp-content\/uploads\/2017\/12\/goal.png\" class=\"envira-gallery-103 envira-gallery-link\" rel=\"enviragallery103\" title=\"\" data-envira-caption=\"\" data-envira-retina=\"\" data-thumbnail=\"\"  itemprop=\"contentUrl\"><img decoding=\"async\" id=\"envira-gallery-image-175\" class=\"envira-gallery-image envira-gallery-image-2 envira-normal envira-lazy\" data-envira-index=\"2\" src=\"http:\/\/kursygoal.pl\/wp-content\/uploads\/2017\/12\/goal-640x480.png\" data-envira-src=\"http:\/\/kursygoal.pl\/wp-content\/uploads\/2017\/12\/goal-640x480.png\" data-envira-gallery-id=\"103\" data-envira-item-id=\"175\" data-envira-caption=\"\" alt=\"\" title=\"\"  itemprop=\"thumbnailUrl\" data-envira-srcset=\"http:\/\/kursygoal.pl\/wp-content\/uploads\/2017\/12\/goal-640x480.png 400w,http:\/\/kursygoal.pl\/wp-content\/uploads\/2017\/12\/goal-640x480.png 2x\" data-envira-width=\"300\" data-envira-height=\"296\" srcset=\"data:image\/gif;base64,R0lGODlhAQABAIAAAP\/\/\/\/\/\/\/yH5BAEKAAEALAAAAAABAAEAAAICTAEAOw==\" data-safe-src=\"data:image\/gif;base64,R0lGODlhAQABAIAAAP\/\/\/\/\/\/\/yH5BAEKAAEALAAAAAABAAEAAAICTAEAOw==\" \/><\/a><\/div><\/div><div id=\"envira-gallery-item-188\" class=\"envira-gallery-item enviratope-item envira-gallery-item-3 envira-lazy-load\" style=\"padding-left: 5px; padding-bottom: 10px; padding-right: 5px;\"  itemscope itemtype=\"https:\/\/schema.org\/ImageObject\"><div class=\"envira-gallery-item-inner\"><div class=\"envira-gallery-position-overlay  envira-gallery-top-left\"><\/div><div class=\"envira-gallery-position-overlay  envira-gallery-top-right\"><\/div><div class=\"envira-gallery-position-overlay  envira-gallery-bottom-left\"><\/div><div class=\"envira-gallery-position-overlay  envira-gallery-bottom-right\"><\/div><a href=\"http:\/\/kursygoal.pl\/wp-content\/uploads\/2017\/10\/thought-catalog-214785.jpg\" class=\"envira-gallery-103 envira-gallery-link\" rel=\"enviragallery103\" title=\"\" data-envira-caption=\"\" data-envira-retina=\"\" data-thumbnail=\"\"  itemprop=\"contentUrl\"><img decoding=\"async\" id=\"envira-gallery-image-188\" class=\"envira-gallery-image envira-gallery-image-3 envira-normal envira-lazy\" data-envira-index=\"3\" src=\"http:\/\/kursygoal.pl\/wp-content\/uploads\/2017\/10\/thought-catalog-214785-1024x683-640x480.jpg\" data-envira-src=\"http:\/\/kursygoal.pl\/wp-content\/uploads\/2017\/10\/thought-catalog-214785-1024x683-640x480.jpg\" data-envira-gallery-id=\"103\" data-envira-item-id=\"188\" data-envira-caption=\"\" alt=\"\" title=\"\"  itemprop=\"thumbnailUrl\" data-envira-srcset=\"http:\/\/kursygoal.pl\/wp-content\/uploads\/2017\/10\/thought-catalog-214785-1024x683-640x480.jpg 400w,http:\/\/kursygoal.pl\/wp-content\/uploads\/2017\/10\/thought-catalog-214785-1024x683-640x480.jpg 2x\" data-envira-width=\"300\" data-envira-height=\"200\" srcset=\"data:image\/gif;base64,R0lGODlhAQABAIAAAP\/\/\/\/\/\/\/yH5BAEKAAEALAAAAAABAAEAAAICTAEAOw==\" data-safe-src=\"data:image\/gif;base64,R0lGODlhAQABAIAAAP\/\/\/\/\/\/\/yH5BAEKAAEALAAAAAABAAEAAAICTAEAOw==\" \/><\/a><\/div><\/div><\/div><\/div><noscript><img decoding=\"async\" src=\"http:\/\/kursygoal.pl\/wp-content\/uploads\/2017\/10\/people-woman-coffee-meeting.jpg\" alt=\"\" \/><img decoding=\"async\" src=\"http:\/\/kursygoal.pl\/wp-content\/uploads\/2017\/12\/goal.png\" alt=\"\" \/><img decoding=\"async\" src=\"http:\/\/kursygoal.pl\/wp-content\/uploads\/2017\/10\/thought-catalog-214785.jpg\" alt=\"\" \/><\/noscript>\n<p><script async id=\"timify\" type=\"text\/javascript\" src=\"https:\/\/widget.timify.com\/js\/widget.js\" data-position=\"right\" data-id=\"5d52b9fdd816b46348eec911\" data-lang=\"pl\" >\n<\/script><\/p>\n","protected":false},"excerpt":{"rendered":"<p>Oferuj\u0119: regularne kursy j\u0119zyka angielskiego &#8222;kurs szyty na miar\u0119&#8221;- kursy grupowe lub&nbsp;indywidualny coaching j\u0119zykowy zaj\u0119cia z zakresu angielskiego specjalistycznego (Business English, English for Meetings, Presentations, HR, Tourism, Academic English, Medical, etc.) audyt j\u0119zykowy dla firm przygotowanie do egzamin\u00f3w FCE, CAE, CPE, BEC, STANAG zaj\u0119cia &#8222;Last minute SOS&#8221; do job interview, konwersacje, itp. Zestaw kilkugodzinnych szkole\u0144 [&hellip;]<\/p>\n","protected":false},"author":1,"featured_media":6,"parent":0,"menu_order":0,"comment_status":"closed","ping_status":"closed","template":"","meta":{"footnotes":""},"_links":{"self":[{"href":"http:\/\/kursygoal.pl\/index.php?rest_route=\/wp\/v2\/pages\/37"}],"collection":[{"href":"http:\/\/kursygoal.pl\/index.php?rest_route=\/wp\/v2\/pages"}],"about":[{"href":"http:\/\/kursygoal.pl\/index.php?rest_route=\/wp\/v2\/types\/page"}],"author":[{"embeddable":true,"href":"http:\/\/kursygoal.pl\/index.php?rest_route=\/wp\/v2\/users\/1"}],"replies":[{"embeddable":true,"href":"http:\/\/kursygoal.pl\/index.php?rest_route=%2Fwp%2Fv2%2Fcomments&post=37"}],"version-history":[{"count":19,"href":"http:\/\/kursygoal.pl\/index.php?rest_route=\/wp\/v2\/pages\/37\/revisions"}],"predecessor-version":[{"id":267,"href":"http:\/\/kursygoal.pl\/index.php?rest_route=\/wp\/v2\/pages\/37\/revisions\/267"}],"wp:featuredmedia":[{"embeddable":true,"href":"http:\/\/kursygoal.pl\/index.php?rest_route=\/wp\/v2\/media\/6"}],"wp:attachment":[{"href":"http:\/\/kursygoal.pl\/index.php?rest_route=%2Fwp%2Fv2%2Fmedia&parent=37"}],"curies":[{"name":"wp","href":"https:\/\/api.w.org\/{rel}","templated":true}]}}