{"id":43,"date":"2017-10-11T19:50:22","date_gmt":"2017-10-11T19:50:22","guid":{"rendered":"http:\/\/serwer1748830.home.pl\/autoinstalator\/wordpress1\/?page_id=43"},"modified":"2019-09-01T13:05:13","modified_gmt":"2019-09-01T13:05:13","slug":"cennik","status":"publish","type":"page","link":"http:\/\/kursygoal.pl\/?page_id=43","title":{"rendered":"Cennik"},"content":{"rendered":"<p>60 min zaj\u0119\u0107 indywidualnych &#8211; 80 z\u0142.<br \/>\nCennik zaj\u0119\u0107 korporacyjnych  z dojazdem do klienta ustalany jest indywidualnie z uwagi na specyfik\u0119 zaj\u0119\u0107, preferencje klienta oraz ilo\u015b\u0107 spotka\u0144 w tygodniu.<\/p>\n<p><img loading=\"lazy\" decoding=\"async\" class=\"wp-image-153 alignleft\" src=\"http:\/\/serwer1748830.home.pl\/autoinstalator\/wordpress1\/wp-content\/uploads\/2017\/10\/car-2387235_640-300x150.png\" alt=\"\" width=\"74\" height=\"37\" srcset=\"http:\/\/kursygoal.pl\/wp-content\/uploads\/2017\/10\/car-2387235_640-300x150.png 300w, http:\/\/kursygoal.pl\/wp-content\/uploads\/2017\/10\/car-2387235_640.png 640w\" sizes=\"(max-width: 74px) 100vw, 74px\" \/><\/p>\n<p>Doje\u017cd\u017camy do wyznaczonego miejsca zaj\u0119\u0107.<\/p>\n<p><script async id=\"timify\" type=\"text\/javascript\"\n    src=\"https:\/\/widget.timify.com\/js\/widget.js\"\n    data-position=\"right\"\n    data-id=\"5d52b9fdd816b46348eec911\"\n    data-lang=\"pl\" >\n<\/script><code><\/code><\/p>\n","protected":false},"excerpt":{"rendered":"<p>60 min zaj\u0119\u0107 indywidualnych &#8211; 80 z\u0142. Cennik zaj\u0119\u0107 korporacyjnych z dojazdem do klienta ustalany jest indywidualnie z uwagi na specyfik\u0119 zaj\u0119\u0107, preferencje klienta oraz ilo\u015b\u0107 spotka\u0144 w tygodniu. Doje\u017cd\u017camy do wyznaczonego miejsca zaj\u0119\u0107.<\/p>\n","protected":false},"author":1,"featured_media":0,"parent":0,"menu_order":0,"comment_status":"closed","ping_status":"closed","template":"","meta":{"footnotes":""},"_links":{"self":[{"href":"http:\/\/kursygoal.pl\/index.php?rest_route=\/wp\/v2\/pages\/43"}],"collection":[{"href":"http:\/\/kursygoal.pl\/index.php?rest_route=\/wp\/v2\/pages"}],"about":[{"href":"http:\/\/kursygoal.pl\/index.php?rest_route=\/wp\/v2\/types\/page"}],"author":[{"embeddable":true,"href":"http:\/\/kursygoal.pl\/index.php?rest_route=\/wp\/v2\/users\/1"}],"replies":[{"embeddable":true,"href":"http:\/\/kursygoal.pl\/index.php?rest_route=%2Fwp%2Fv2%2Fcomments&post=43"}],"version-history":[{"count":11,"href":"http:\/\/kursygoal.pl\/index.php?rest_route=\/wp\/v2\/pages\/43\/revisions"}],"predecessor-version":[{"id":260,"href":"http:\/\/kursygoal.pl\/index.php?rest_route=\/wp\/v2\/pages\/43\/revisions\/260"}],"wp:attachment":[{"href":"http:\/\/kursygoal.pl\/index.php?rest_route=%2Fwp%2Fv2%2Fmedia&parent=43"}],"curies":[{"name":"wp","href":"https:\/\/api.w.org\/{rel}","templated":true}]}}